{"id":402,"date":"2022-03-25T14:55:42","date_gmt":"2022-03-25T14:55:42","guid":{"rendered":"https:\/\/teknotavsiye.com\/"},"modified":"2026-03-29T13:57:21","modified_gmt":"2026-03-29T13:57:21","slug":"home","status":"publish","type":"page","link":"https:\/\/teknotavsiye.com\/","title":{"rendered":"Ana Sayfa"},"content":{"rendered":"\n<div class=\"wp-block-stackable-columns alignfull stk-block-columns stk-block stk-6c0e7ac stk-block-background stk--has-background-overlay\" data-block-id=\"6c0e7ac\"><style>.stk-6c0e7ac {background-color:linear-gradient(165deg, var(--theme-palette-color-8, #ffffff) 50%, #f6f9fb 50%) !important;background-position:top right !important;background-repeat:no-repeat !important;background-size:custom !important;padding-top:0px !important;padding-right:0px !important;padding-bottom:0px !important;padding-left:0px !important;margin-bottom:0px !important;}.stk-6c0e7ac:before{background-image:linear-gradient(165deg, var(--theme-palette-color-8, #ffffff) 50%, #f6f9fb 50%) !important;}.stk-6c0e7ac-column{--stk-column-gap:80px !important;row-gap:80px !important;}<\/style><div class=\"stk-row stk-inner-blocks stk-block-content stk-content-align stk-6c0e7ac-column\">\n<div class=\"wp-block-stackable-column stk-block-column stk-column stk-block stk-e3c2ba4\" data-v=\"4\" data-block-id=\"e3c2ba4\"><style>.stk-e3c2ba4-container{margin-top:0px !important;margin-right:0px !important;margin-bottom:0px !important;margin-left:0px !important;}@media screen and (max-width:999px){.stk-e3c2ba4 {max-width:400px !important;min-width:auto !important;margin-right:auto !important;margin-left:auto !important;}}<\/style><div class=\"stk-column-wrapper stk-block-column__content stk-container stk-e3c2ba4-container stk--no-background stk--no-padding\"><div class=\"stk-block-content stk-inner-blocks stk-e3c2ba4-inner-blocks\">\n<div class=\"wp-block-stackable-spacer stk-block-spacer stk--no-padding stk-block stk-09292df\" data-block-id=\"09292df\"><style>.stk-09292df {height:130px !important;}@media screen and (max-width:999px){.stk-09292df {height:80px !important;}}@media screen and (max-width:689px){.stk-09292df {height:60px !important;}}<\/style><\/div>\n<\/div><\/div><\/div>\n<\/div><\/div>\n\n\n\n<div class=\"wp-block-stackable-columns alignfull stk-block-columns stk-block stk-6647334 stk-block-background\" data-block-id=\"6647334\"><style>.stk-6647334 {background-color:#f6f9fb !important;padding-top:0px !important;padding-right:0px !important;padding-bottom:0px !important;padding-left:0px !important;margin-bottom:0px !important;}.stk-6647334:before{background-color:#f6f9fb !important;}<\/style><div class=\"stk-row stk-inner-blocks stk-block-content stk-content-align stk-6647334-column\"><\/div><\/div>\n\n\n\n<div class=\"wp-block-stackable-spacer stk-block-spacer stk--no-padding stk-block stk-e5bf575\" data-block-id=\"e5bf575\"><style>.stk-e5bf575 {height:130px !important;}@media screen and (max-width:999px){.stk-e5bf575 {height:80px !important;}}@media screen and (max-width:689px){.stk-e5bf575 {height:60px !important;}}<\/style><\/div>\n\n\n\n<div class=\"wp-block-stackable-heading stk-block-heading stk-block-heading--v2 stk-block stk-2b4d9be ct-advanced-heading\" title=\"%title%\" id=\"strong-span-style-color-e-03-b-3-b-class-stk-highlight-en-son-incelemeler-span-strong\" data-block-id=\"2b4d9be\"><style>.stk-2b4d9be {margin-bottom:20px !important;}.stk-2b4d9be .stk-block-heading__text{line-height:1em !important;font-weight:800 !important;}@media screen and (max-width:999px){.stk-2b4d9be .stk-block-heading__text{font-size:30px !important;}}@media screen and (max-width:689px){.stk-2b4d9be .stk-block-heading__text{font-size:25px !important;}}<\/style><h2 class=\"stk-block-heading__text has-text-align-center has-text-align-center-mobile\"><strong><span style=\"color: #e03b3b;\" class=\"stk-highlight\">En Son \u0130ncelemeler<\/span><\/strong><\/h2><\/div>\n\n\n\n<div class=\"wp-block-stackable-text stk-block-text stk-block stk-0f953bf\" id=\"some-numbers\" data-block-id=\"0f953bf\"><style>.stk-0f953bf {max-width:630px !important;min-width:auto !important;margin-right:auto !important;margin-bottom:50px !important;margin-left:auto !important;}<\/style><p class=\"stk-block-text__text has-text-align-center\">Lorem ipsum dolor sit amet, consectetur adipiscing elit, sed do eiusmod tempor incididunt ut labore et dolore magna aliqua.<\/p><\/div>\n\n\n<div class=\"ct-posts-shortcode\" data-prefix=\"blc-product-review_archive\"><div class=\"entries\" data-archive=\"default\" data-layout=\"grid\" data-cards=\"boxed\"><article class=\"entry-card card-content post-458 blc-product-review type-blc-product-review status-publish has-post-thumbnail hentry blc-product-review-categories-mobil-aksesuar\" data-reveal=\"bottom:no\"><a class=\"ct-media-container boundless-image\" href=\"https:\/\/teknotavsiye.com\/index.php\/product-review\/samsung-galaxy-s26-ultra-incelemesi-60w-sarj-devrimi-ve-androidin-zirvesi-alinir-mi\/\" aria-label=\"Samsung Galaxy S26 Ultra \u0130ncelemesi: 60W \u015earj Devrimi ve Android&#8217;in Zirvesi (Al\u0131n\u0131r m\u0131?)\"><img decoding=\"async\" width=\"768\" height=\"432\" src=\"https:\/\/teknotavsiye.com\/wp-content\/uploads\/2026\/03\/samsung-galaxy-s26-ultra-2-inceleme.jpg\" class=\"attachment-medium_large size-medium_large wp-post-image\" alt=\"\" loading=\"lazy\" itemprop=\"image\" style=\"aspect-ratio: 1\/1;\" \/><\/a><h2 class=\"entry-title\"><a href=\"https:\/\/teknotavsiye.com\/index.php\/product-review\/samsung-galaxy-s26-ultra-incelemesi-60w-sarj-devrimi-ve-androidin-zirvesi-alinir-mi\/\" rel=\"bookmark\">Samsung Galaxy S26 Ultra \u0130ncelemesi: 60W \u015earj Devrimi ve Android&#8217;in Zirvesi (Al\u0131n\u0131r m\u0131?)<\/a><\/h2><div class=\"entry-excerpt\"><p>Samsung, y\u0131llard\u0131r ele\u015ftirildi\u011fi tabular\u0131 nihayet Galaxy S26 Ultra ile y\u0131k\u0131yor. Sadece i\u015flemci\u2026<\/p>\n<\/div><ul class=\"entry-meta\" data-type=\"simple:slash\" data-id=\"tDiY8x\" ><li class=\"meta-categories\" data-type=\"simple\"><a href=\"https:\/\/teknotavsiye.com\/index.php\/product-review-category\/mobil-aksesuar\/\" rel=\"tag\" class=\"ct-term-9\">Mobil &amp; Aksesuar<\/a><\/li><li class=\"meta-date\" itemprop=\"datePublished\"><time class=\"ct-meta-element-date\" datetime=\"2026-03-29T15:36:17+00:00\">Mart 29, 2026<\/time><\/li><\/ul><\/article><\/div><\/div>\n\n\n\n<div class=\"wp-block-stackable-spacer stk-block-spacer stk--no-padding stk-block stk-c3a5f02\" data-block-id=\"c3a5f02\"><style>.stk-c3a5f02 {height:150px !important;}@media screen and (max-width:999px){.stk-c3a5f02 {height:80px !important;}}@media screen and (max-width:689px){.stk-c3a5f02 {height:60px !important;}}<\/style><\/div>\n\n\n\n<p><\/p>\n","protected":false},"excerpt":{"rendered":"<p>En Son \u0130ncelemeler Lorem ipsum dolor sit amet, consectetur adipiscing elit, sed do eiusmod tempor incididunt ut labore et dolore magna aliqua.<\/p>\n","protected":false},"author":1,"featured_media":0,"parent":0,"menu_order":0,"comment_status":"closed","ping_status":"closed","template":"","meta":{"_kadence_starter_templates_imported_post":false,"footnotes":""},"class_list":["post-402","page","type-page","status-publish","hentry"],"blocksy_meta":{"styles_descriptor":{"styles":{"desktop":"","tablet":"","mobile":""},"google_fonts":[],"version":6}},"_links":{"self":[{"href":"https:\/\/teknotavsiye.com\/index.php\/wp-json\/wp\/v2\/pages\/402","targetHints":{"allow":["GET"]}}],"collection":[{"href":"https:\/\/teknotavsiye.com\/index.php\/wp-json\/wp\/v2\/pages"}],"about":[{"href":"https:\/\/teknotavsiye.com\/index.php\/wp-json\/wp\/v2\/types\/page"}],"author":[{"embeddable":true,"href":"https:\/\/teknotavsiye.com\/index.php\/wp-json\/wp\/v2\/users\/1"}],"replies":[{"embeddable":true,"href":"https:\/\/teknotavsiye.com\/index.php\/wp-json\/wp\/v2\/comments?post=402"}],"version-history":[{"count":6,"href":"https:\/\/teknotavsiye.com\/index.php\/wp-json\/wp\/v2\/pages\/402\/revisions"}],"predecessor-version":[{"id":448,"href":"https:\/\/teknotavsiye.com\/index.php\/wp-json\/wp\/v2\/pages\/402\/revisions\/448"}],"wp:attachment":[{"href":"https:\/\/teknotavsiye.com\/index.php\/wp-json\/wp\/v2\/media?parent=402"}],"curies":[{"name":"wp","href":"https:\/\/api.w.org\/{rel}","templated":true}]}}